{"id":987510770,"date":"2026-01-05T15:57:45","date_gmt":"2026-01-05T15:57:45","guid":{"rendered":"https:\/\/richatt.com\/?page_id=987510770"},"modified":"2026-01-05T16:08:43","modified_gmt":"2026-01-05T16:08:43","slug":"services-2","status":"publish","type":"page","link":"https:\/\/richatt.com\/en\/services-2\/","title":{"rendered":"services"},"content":{"rendered":"<div data-elementor-type=\"wp-page\" data-elementor-id=\"987510770\" class=\"elementor elementor-987510770\">\n\t\t\t\t<div class=\"elementor-element elementor-element-46498102 e-flex e-con-boxed wpr-particle-no wpr-jarallax-no wpr-parallax-no wpr-sticky-section-no e-con e-parent\" data-id=\"46498102\" data-element_type=\"container\">\n\t\t\t\t\t<div class=\"e-con-inner\">\n\t\t<div class=\"elementor-element elementor-element-4a92a3b7 e-con-full e-flex wpr-particle-no wpr-jarallax-no wpr-parallax-no wpr-sticky-section-no elementor-invisible e-con e-child\" data-id=\"4a92a3b7\" data-element_type=\"container\" data-settings=\"{&quot;animation&quot;:&quot;slideInLeft&quot;}\">\n\t\t\t\t<div class=\"elementor-element elementor-element-61142ac4 elementor-widget elementor-widget-heading\" data-id=\"61142ac4\" data-element_type=\"widget\" data-widget_type=\"heading.default\">\n\t\t\t\t\t<h2 class=\"elementor-heading-title elementor-size-default\">Nos Services<\/h2>\t\t\t\t<\/div>\n\t\t\t\t<div class=\"elementor-element elementor-element-c9fc55d elementor-widget elementor-widget-text-editor\" data-id=\"c9fc55d\" data-element_type=\"widget\" data-widget_type=\"text-editor.default\">\n\t\t\t\t\t\t\t\t\t<p>Nous vous offrons une expertise approfondie dans divers domaines, y compris le conseil strat\u00e9gique, le d\u00e9veloppement web et mobile, et des solutions sp\u00e9cialis\u00e9es en FinTech, relation client, e-gov, et d\u00e9mat\u00e9rialisation. Notre engagement envers l\u2019excellence technologique est renforc\u00e9 par notre laboratoire d\u00e9di\u00e9 \u00e0 l\u2019IA et au Big Data, RichatLabs.\u00a0<\/p>\t\t\t\t\t\t\t\t<\/div>\n\t\t\t\t<div class=\"elementor-element elementor-element-55adfce3 elementor-widget__width-initial wpr-advanced-accordion-icon-side-box elementor-widget elementor-widget-wpr-advanced-accordion\" data-id=\"55adfce3\" data-element_type=\"widget\" data-settings=\"{&quot;active_item&quot;:0}\" data-widget_type=\"wpr-advanced-accordion.default\">\n\t\t\t\t\t\n            <div class=\"wpr-advanced-accordion\" data-accordion-type=\"accordion\" data-active-index=\"0\" data-accordion-trigger=\"click\" data-interaction-speed=\"0.4\">\n\n\t\t\t\n                \n\t\t\t\t\t<div class=\"wpr-accordion-item-wrap\">\n\t\t\t\t\t\t<button class=\"wpr-acc-button\">\n\t\t\t\t\t\t\t<span class=\"wpr-acc-item-title\">\n\t\t\t\t\t\t\t\t\t\t\t\t\t\t\t\t\t<div class=\"wpr-acc-icon-box\">\n\t\t\t\t\t\t\t\t\t\t\t\t\t\t<span class=\"wpr-title-icon\">\n\t\t\t\t\t\t\t\t\t<\/span>\n\t\t\t\t\t\t\t\t\t\t\t\t<\/div>\n\t\t\t\t\t\t\t\t\n\t\t\t\t\t\t\t\t<span class=\"wpr-acc-title-text\">Consulting<\/span>\n\t\t\t\t\t\t\t<\/span>\n\t\t\t\t\t\t\t\t\t\t\t<span class=\"wpr-toggle-icon wpr-ti-close\"><\/span>\n\t\t\t\t<span class=\"wpr-toggle-icon wpr-ti-open\"><\/span>\n\t\t\t\t\t\t\t\t\t<\/button>\n\n\t\t\t\t\t\t<div class=\"wpr-acc-panel\">\n\t\t\t\t\t\t\t\t\t\t\t\t\t\t\t<div class=\"wpr-acc-panel-content\"><ul class=\"elementor-icon-list-items\"><li class=\"elementor-icon-list-item\"><span class=\"elementor-icon-list-text\">Conseils strat\u00e9giques pour une transformation num\u00e9rique r\u00e9ussie.<\/span><\/li><li class=\"elementor-icon-list-item\"><span class=\"elementor-icon-list-text\">Solutions sur mesure pour r\u00e9pondre aux d\u00e9fis sp\u00e9cifiques.<\/span><\/li><li class=\"elementor-icon-list-item\"><span class=\"elementor-icon-list-text\">Orientation vers des solutions innovantes pour la croissance.<\/span><\/li><\/ul><\/div>\n\t\t\t\t\t\t\t\t\t\t\t\t\t<\/div>\n                    <\/div>\n\n                \n\t\t\t\t\t<div class=\"wpr-accordion-item-wrap\">\n\t\t\t\t\t\t<button class=\"wpr-acc-button\">\n\t\t\t\t\t\t\t<span class=\"wpr-acc-item-title\">\n\t\t\t\t\t\t\t\t\t\t\t\t\t\t\t\t\t<div class=\"wpr-acc-icon-box\">\n\t\t\t\t\t\t\t\t\t\t\t\t\t\t<span class=\"wpr-title-icon\">\n\t\t\t\t\t\t\t\t\t<\/span>\n\t\t\t\t\t\t\t\t\t\t\t\t<\/div>\n\t\t\t\t\t\t\t\t\n\t\t\t\t\t\t\t\t<span class=\"wpr-acc-title-text\">Solutions Cloud, Cybers\u00e9curit\u00e9 et Infra<\/span>\n\t\t\t\t\t\t\t<\/span>\n\t\t\t\t\t\t\t\t\t\t\t<span class=\"wpr-toggle-icon wpr-ti-close\"><\/span>\n\t\t\t\t<span class=\"wpr-toggle-icon wpr-ti-open\"><\/span>\n\t\t\t\t\t\t\t\t\t<\/button>\n\n\t\t\t\t\t\t<div class=\"wpr-acc-panel\">\n\t\t\t\t\t\t\t\t\t\t\t\t\t\t\t<div class=\"wpr-acc-panel-content\"><ul class=\"elementor-icon-list-items\"><li class=\"elementor-icon-list-item\"><span class=\"elementor-icon-list-text\">Solutions cloud s\u00e9curis\u00e9es et \u00e9volutives.<\/span><\/li><li class=\"elementor-icon-list-item\"><span class=\"elementor-icon-list-text\">Am\u00e9lioration de la gestion des donn\u00e9es et de l'infrastructure IT.<\/span><\/li><li class=\"elementor-icon-list-item\"><span class=\"elementor-icon-list-text\">Infrastructure cloud pour une efficacit\u00e9 maximale.<\/span><\/li><\/ul><\/div>\n\t\t\t\t\t\t\t\t\t\t\t\t\t<\/div>\n                    <\/div>\n\n                \n\t\t\t\t\t<div class=\"wpr-accordion-item-wrap\">\n\t\t\t\t\t\t<button class=\"wpr-acc-button\">\n\t\t\t\t\t\t\t<span class=\"wpr-acc-item-title\">\n\t\t\t\t\t\t\t\t\t\t\t\t\t\t\t\t\t<div class=\"wpr-acc-icon-box\">\n\t\t\t\t\t\t\t\t\t\t\t\t\t\t<span class=\"wpr-title-icon\">\n\t\t\t\t\t\t\t\t\t<\/span>\n\t\t\t\t\t\t\t\t\t\t\t\t<\/div>\n\t\t\t\t\t\t\t\t\n\t\t\t\t\t\t\t\t<span class=\"wpr-acc-title-text\">D\u00e9veloppement Web & Mobile<\/span>\n\t\t\t\t\t\t\t<\/span>\n\t\t\t\t\t\t\t\t\t\t\t<span class=\"wpr-toggle-icon wpr-ti-close\"><\/span>\n\t\t\t\t<span class=\"wpr-toggle-icon wpr-ti-open\"><\/span>\n\t\t\t\t\t\t\t\t\t<\/button>\n\n\t\t\t\t\t\t<div class=\"wpr-acc-panel\">\n\t\t\t\t\t\t\t\t\t\t\t\t\t\t\t<div class=\"wpr-acc-panel-content\"><ul class=\"elementor-icon-list-items\"><li class=\"elementor-icon-list-item\"><span class=\"elementor-icon-list-text\">Utilisation de technologies avanc\u00e9es pour des applications r\u00e9actives et user-friendly.<\/span><\/li><li class=\"elementor-icon-list-item\"><span class=\"elementor-icon-list-text\">Cr\u00e9ation d'interfaces engageantes et intuitives.<\/span><\/li><li class=\"elementor-icon-list-item\"><span class=\"elementor-icon-list-text\">Adaptation aux besoins sp\u00e9cifiques de votre entreprise.<\/span><\/li><\/ul><\/div>\n\t\t\t\t\t\t\t\t\t\t\t\t\t<\/div>\n                    <\/div>\n\n                \n\t\t\t\t\t<div class=\"wpr-accordion-item-wrap\">\n\t\t\t\t\t\t<button class=\"wpr-acc-button\">\n\t\t\t\t\t\t\t<span class=\"wpr-acc-item-title\">\n\t\t\t\t\t\t\t\t\t\t\t\t\t\t\t\t\t<div class=\"wpr-acc-icon-box\">\n\t\t\t\t\t\t\t\t\t\t\t\t\t\t<span class=\"wpr-title-icon\">\n\t\t\t\t\t\t\t\t\t<\/span>\n\t\t\t\t\t\t\t\t\t\t\t\t<\/div>\n\t\t\t\t\t\t\t\t\n\t\t\t\t\t\t\t\t<span class=\"wpr-acc-title-text\">Relation client<\/span>\n\t\t\t\t\t\t\t<\/span>\n\t\t\t\t\t\t\t\t\t\t\t<span class=\"wpr-toggle-icon wpr-ti-close\"><\/span>\n\t\t\t\t<span class=\"wpr-toggle-icon wpr-ti-open\"><\/span>\n\t\t\t\t\t\t\t\t\t<\/button>\n\n\t\t\t\t\t\t<div class=\"wpr-acc-panel\">\n\t\t\t\t\t\t\t\t\t\t\t\t\t\t\t<div class=\"wpr-acc-panel-content\"><ul class=\"elementor-icon-list-items\"><li class=\"elementor-icon-list-item\"><span class=\"elementor-icon-list-text\">Sales cloud<\/span><\/li><li class=\"elementor-icon-list-item\"><span class=\"elementor-icon-list-text\">Service cloud<\/span><\/li><li class=\"elementor-icon-list-item\"><span class=\"elementor-icon-list-text\">Marketing cloud<\/span><\/li><li class=\"elementor-icon-list-item\"><span class=\"elementor-icon-list-text\">CTI (Computer Telephony Integration)<\/span><\/li><\/ul><\/div>\n\t\t\t\t\t\t\t\t\t\t\t\t\t<\/div>\n                    <\/div>\n\n                            <\/div>\n        \t\t\t\t<\/div>\n\t\t\t\t<\/div>\n\t\t<div class=\"elementor-element elementor-element-28e20e90 e-con-full e-flex wpr-particle-no wpr-jarallax-no wpr-parallax-no wpr-sticky-section-no elementor-invisible e-con e-child\" data-id=\"28e20e90\" data-element_type=\"container\" data-settings=\"{&quot;animation&quot;:&quot;slideInRight&quot;}\">\n\t\t\t\t<div class=\"elementor-element elementor-element-62f24ba2 elementor-widget elementor-widget-image\" data-id=\"62f24ba2\" data-element_type=\"widget\" data-widget_type=\"image.default\">\n\t\t\t\t\t\t\t\t\t\t\t\t\t\t\t<img fetchpriority=\"high\" decoding=\"async\" width=\"910\" height=\"780\" src=\"https:\/\/richatt.com\/wp-content\/uploads\/2026\/01\/ChatGPT-Image-Jan-5-2026-01_11_21-PM-e1767628157605.png\" class=\"attachment-full size-full wp-image-987510786\" alt=\"\" srcset=\"https:\/\/richatt.com\/wp-content\/uploads\/2026\/01\/ChatGPT-Image-Jan-5-2026-01_11_21-PM-e1767628157605.png 910w, https:\/\/richatt.com\/wp-content\/uploads\/2026\/01\/ChatGPT-Image-Jan-5-2026-01_11_21-PM-e1767628157605-300x257.png 300w, https:\/\/richatt.com\/wp-content\/uploads\/2026\/01\/ChatGPT-Image-Jan-5-2026-01_11_21-PM-e1767628157605-768x658.png 768w\" sizes=\"(max-width: 910px) 100vw, 910px\" \/>\t\t\t\t\t\t\t\t\t\t\t\t\t\t\t<\/div>\n\t\t\t\t<div class=\"elementor-element elementor-element-59ac097a elementor-widget elementor-widget-text-editor\" data-id=\"59ac097a\" data-element_type=\"widget\" data-widget_type=\"text-editor.default\">\n\t\t\t\t\t\t\t\t\t<p>D\u00e9couvrez comment nous pouvons transformer vos d\u00e9fis en opportunit\u00e9s de croissance.<\/p>\t\t\t\t\t\t\t\t<\/div>\n\t\t\t\t<div class=\"elementor-element elementor-element-7c0f062a wpr-button-icon-style-inline wpr-button-icon-position-right elementor-widget elementor-widget-wpr-button\" data-id=\"7c0f062a\" data-element_type=\"widget\" data-widget_type=\"wpr-button.default\">\n\t\t\t\t\t\t\n\t\t\t\n\t\t\n\t\t<div class=\"wpr-button-wrap elementor-clearfix\">\n\t\t<a class=\"wpr-button wpr-button-effect wpr-button-none\" data-text=\"\" href=\"https:\/\/richatt.com\/en\/contact\/\">\n\t\t\t\n\t\t\t<span class=\"wpr-button-content\">\n\t\t\t\t\t\t\t\t\t<span class=\"wpr-button-text\">Contactez-nous<\/span>\n\t\t\t\t\t\t\t\t\n\t\t\t\t\t\t\t\t\t<span class=\"wpr-button-icon\"><svg xmlns=\"http:\/\/www.w3.org\/2000\/svg\" width=\"34\" height=\"35\" viewbox=\"0 0 34 35\" fill=\"none\"><path d=\"M33.365 31.2932C33.1648 31.4958 32.9265 31.6568 32.6639 31.7671C32.4012 31.8774 32.1194 31.9348 31.8346 31.936C31.5489 31.9371 31.2657 31.8817 31.0015 31.7729C30.7373 31.6641 30.4973 31.5041 30.2953 31.3021C30.0932 31.1001 29.9332 30.86 29.8244 30.5959C29.7156 30.3317 29.6602 30.0486 29.6614 29.7629L29.6767 4.37436L4.28677 4.38967C3.71039 4.38967 3.15763 4.16072 2.75007 3.75318C2.34251 3.34565 2.11355 2.79291 2.11355 2.21657C2.11355 1.64023 2.34251 1.08749 2.75007 0.679959C3.15763 0.272424 3.71039 0.0434753 4.28676 0.0434753L31.8346 0.0434752C32.1203 0.0423038 32.4034 0.0977087 32.6676 0.206502C32.9318 0.315296 33.1719 0.475321 33.3739 0.677346C33.5759 0.87937 33.736 1.11939 33.8448 1.38358C33.9536 1.64776 34.009 1.93087 34.0078 2.21657V29.7629C34.0066 30.0477 33.9493 30.3295 33.839 30.5921C33.7287 30.8547 33.5676 31.093 33.365 31.2932Z\" fill=\"white\"><\/path><path d=\"M33.1137 4.00009L3.50404 33.6081C3.17684 33.9353 2.70179 34.0879 2.18341 34.0322C1.66503 33.9766 1.14577 33.7173 0.739874 33.3114C0.333977 32.9056 0.0746881 32.3863 0.0190464 31.868C-0.0365954 31.3496 0.115968 30.8746 0.443175 30.5474L30.0528 0.939393C30.38 0.612204 30.8551 0.459648 31.3735 0.515287C31.8919 0.570925 32.4111 0.830201 32.817 1.23608C33.2229 1.64195 33.4822 2.16118 33.5378 2.67953C33.5935 3.19788 33.4409 3.6729 33.1137 4.00009Z\" fill=\"white\"><\/path><\/svg><\/span>\n\t\t\t\t\t\t\t<\/span>\n\t\t<\/a>\n\n\t\t\t\t<\/div>\n\t\n\t\n\t\t\t\t\t<\/div>\n\t\t\t\t<\/div>\n\t\t\t\t\t<\/div>\n\t\t\t\t<\/div>\n\t\t\t\t<\/div>\n\t\t\n    <div class=\"xs_social_share_widget xs_share_url after_content \t\tmain_content  wslu-style-1 wslu-share-box-shaped wslu-fill-colored wslu-none wslu-share-horizontal wslu-theme-font-no wslu-main_content\">\n\n\t\t\n        <ul>\n\t\t\t        <\/ul>\n    <\/div>","protected":false},"excerpt":{"rendered":"<p>Nos Services Nous vous offrons une expertise approfondie dans divers domaines, y compris le conseil strat\u00e9gique, le d\u00e9veloppement web et mobile, et des solutions sp\u00e9cialis\u00e9es en FinTech, relation client, e-gov, et d\u00e9mat\u00e9rialisation. Notre engagement envers l\u2019excellence technologique est renforc\u00e9 par notre laboratoire d\u00e9di\u00e9 \u00e0 l\u2019IA et au Big Data, RichatLabs.\u00a0 Consulting Conseils strat\u00e9giques pour une transformation num\u00e9rique r\u00e9ussie. Solutions sur mesure pour r\u00e9pondre aux d\u00e9fis sp\u00e9cifiques. Orientation vers des solutions innovantes pour la croissance. Solutions Cloud, Cybers\u00e9curit\u00e9 et Infra Solutions cloud s\u00e9curis\u00e9es et \u00e9volutives. Am\u00e9lioration de la gestion des donn\u00e9es et de l&rsquo;infrastructure IT. Infrastructure cloud pour une efficacit\u00e9 maximale. D\u00e9veloppement Web &#038; Mobile Utilisation de technologies avanc\u00e9es pour des applications r\u00e9actives et user-friendly. Cr\u00e9ation d&rsquo;interfaces engageantes et intuitives. Adaptation aux besoins sp\u00e9cifiques de votre entreprise. Relation client Sales cloud Service cloud Marketing cloud CTI (Computer Telephony Integration) D\u00e9couvrez comment nous pouvons transformer vos d\u00e9fis en opportunit\u00e9s de croissance. Contactez-nous<\/p>","protected":false},"author":7,"featured_media":0,"parent":0,"menu_order":0,"comment_status":"closed","ping_status":"closed","template":"elementor_header_footer","meta":{"om_disable_all_campaigns":false,"_monsterinsights_skip_tracking":false,"_monsterinsights_sitenote_active":false,"_monsterinsights_sitenote_note":"","_monsterinsights_sitenote_category":0,"postBodyCss":"","postBodyMargin":[],"postBodyPadding":[],"postBodyBackground":{"backgroundType":"classic","gradient":""},"site-sidebar-layout":"no-sidebar","site-content-layout":"","ast-site-content-layout":"full-width-container","site-content-style":"default","site-sidebar-style":"default","ast-global-header-display":"","ast-banner-title-visibility":"","ast-main-header-display":"","ast-hfb-above-header-display":"","ast-hfb-below-header-display":"","ast-hfb-mobile-header-display":"","site-post-title":"","ast-breadcrumbs-content":"","ast-featured-img":"disabled","footer-sml-layout":"","ast-disable-related-posts":"","theme-transparent-header-meta":"","adv-header-id-meta":"","stick-header-meta":"","header-above-stick-meta":"","header-main-stick-meta":"","header-below-stick-meta":"","astra-migrate-meta-layouts":"default","ast-page-background-enabled":"default","ast-page-background-meta":{"desktop":{"background-color":"var(--ast-global-color-5)","background-image":"","background-repeat":"repeat","background-position":"center center","background-size":"auto","background-attachment":"scroll","background-type":"","background-media":"","overlay-type":"","overlay-color":"","overlay-opacity":"","overlay-gradient":""},"tablet":{"background-color":"","background-image":"","background-repeat":"repeat","background-position":"center center","background-size":"auto","background-attachment":"scroll","background-type":"","background-media":"","overlay-type":"","overlay-color":"","overlay-opacity":"","overlay-gradient":""},"mobile":{"background-color":"","background-image":"","background-repeat":"repeat","background-position":"center center","background-size":"auto","background-attachment":"scroll","background-type":"","background-media":"","overlay-type":"","overlay-color":"","overlay-opacity":"","overlay-gradient":""}},"ast-content-background-meta":{"desktop":{"background-color":"var(--ast-global-color-4)","background-image":"","background-repeat":"repeat","background-position":"center center","background-size":"auto","background-attachment":"scroll","background-type":"","background-media":"","overlay-type":"","overlay-color":"","overlay-opacity":"","overlay-gradient":""},"tablet":{"background-color":"var(--ast-global-color-4)","background-image":"","background-repeat":"repeat","background-position":"center center","background-size":"auto","background-attachment":"scroll","background-type":"","background-media":"","overlay-type":"","overlay-color":"","overlay-opacity":"","overlay-gradient":""},"mobile":{"background-color":"var(--ast-global-color-4)","background-image":"","background-repeat":"repeat","background-position":"center center","background-size":"auto","background-attachment":"scroll","background-type":"","background-media":"","overlay-type":"","overlay-color":"","overlay-opacity":"","overlay-gradient":""}},"footnotes":""},"class_list":["post-987510770","page","type-page","status-publish","hentry"],"yoast_head":"<!-- This site is optimized with the Yoast SEO plugin v26.2 - https:\/\/yoast.com\/wordpress\/plugins\/seo\/ -->\n<title>services -<\/title>\n<meta name=\"robots\" content=\"index, follow, max-snippet:-1, max-image-preview:large, max-video-preview:-1\" \/>\n<link rel=\"canonical\" href=\"https:\/\/richatt.com\/en\/services-2\/\" \/>\n<meta property=\"og:locale\" content=\"en_US\" \/>\n<meta property=\"og:type\" content=\"article\" \/>\n<meta property=\"og:title\" content=\"services -\" \/>\n<meta property=\"og:description\" content=\"Nos Services Nous vous offrons une expertise approfondie dans divers domaines, y compris le conseil strat\u00e9gique, le d\u00e9veloppement web et mobile, et des solutions sp\u00e9cialis\u00e9es en FinTech, relation client, e-gov, et d\u00e9mat\u00e9rialisation. Notre engagement envers l\u2019excellence technologique est renforc\u00e9 par notre laboratoire d\u00e9di\u00e9 \u00e0 l\u2019IA et au Big Data, RichatLabs.\u00a0 Consulting Conseils strat\u00e9giques pour une transformation num\u00e9rique r\u00e9ussie. Solutions sur mesure pour r\u00e9pondre aux d\u00e9fis sp\u00e9cifiques. Orientation vers des solutions innovantes pour la croissance. Solutions Cloud, Cybers\u00e9curit\u00e9 et Infra Solutions cloud s\u00e9curis\u00e9es et \u00e9volutives. Am\u00e9lioration de la gestion des donn\u00e9es et de l&rsquo;infrastructure IT. Infrastructure cloud pour une efficacit\u00e9 maximale. D\u00e9veloppement Web &#038; Mobile Utilisation de technologies avanc\u00e9es pour des applications r\u00e9actives et user-friendly. Cr\u00e9ation d&rsquo;interfaces engageantes et intuitives. Adaptation aux besoins sp\u00e9cifiques de votre entreprise. Relation client Sales cloud Service cloud Marketing cloud CTI (Computer Telephony Integration) D\u00e9couvrez comment nous pouvons transformer vos d\u00e9fis en opportunit\u00e9s de croissance. Contactez-nous\" \/>\n<meta property=\"og:url\" content=\"https:\/\/richatt.com\/en\/services-2\/\" \/>\n<meta property=\"article:modified_time\" content=\"2026-01-05T16:08:43+00:00\" \/>\n<meta property=\"og:image\" content=\"https:\/\/richatt.com\/wp-content\/uploads\/2026\/01\/ChatGPT-Image-Jan-5-2026-01_11_21-PM-e1767628157605.png\" \/>\n<meta name=\"twitter:card\" content=\"summary_large_image\" \/>\n<meta name=\"twitter:label1\" content=\"Est. reading time\" \/>\n\t<meta name=\"twitter:data1\" content=\"1 minute\" \/>\n<script type=\"application\/ld+json\" class=\"yoast-schema-graph\">{\"@context\":\"https:\/\/schema.org\",\"@graph\":[{\"@type\":\"WebPage\",\"@id\":\"https:\/\/richatt.com\/services-2\/\",\"url\":\"https:\/\/richatt.com\/services-2\/\",\"name\":\"services -\",\"isPartOf\":{\"@id\":\"https:\/\/richatt.com\/#website\"},\"primaryImageOfPage\":{\"@id\":\"https:\/\/richatt.com\/services-2\/#primaryimage\"},\"image\":{\"@id\":\"https:\/\/richatt.com\/services-2\/#primaryimage\"},\"thumbnailUrl\":\"https:\/\/richatt.com\/wp-content\/uploads\/2026\/01\/ChatGPT-Image-Jan-5-2026-01_11_21-PM-e1767628157605.png\",\"datePublished\":\"2026-01-05T15:57:45+00:00\",\"dateModified\":\"2026-01-05T16:08:43+00:00\",\"breadcrumb\":{\"@id\":\"https:\/\/richatt.com\/services-2\/#breadcrumb\"},\"inLanguage\":\"en-US\",\"potentialAction\":[{\"@type\":\"ReadAction\",\"target\":[\"https:\/\/richatt.com\/services-2\/\"]}]},{\"@type\":\"ImageObject\",\"inLanguage\":\"en-US\",\"@id\":\"https:\/\/richatt.com\/services-2\/#primaryimage\",\"url\":\"https:\/\/richatt.com\/wp-content\/uploads\/2026\/01\/ChatGPT-Image-Jan-5-2026-01_11_21-PM-e1767628157605.png\",\"contentUrl\":\"https:\/\/richatt.com\/wp-content\/uploads\/2026\/01\/ChatGPT-Image-Jan-5-2026-01_11_21-PM-e1767628157605.png\"},{\"@type\":\"BreadcrumbList\",\"@id\":\"https:\/\/richatt.com\/services-2\/#breadcrumb\",\"itemListElement\":[{\"@type\":\"ListItem\",\"position\":1,\"name\":\"Accueil\",\"item\":\"https:\/\/richatt.com\/\"},{\"@type\":\"ListItem\",\"position\":2,\"name\":\"services\"}]},{\"@type\":\"WebSite\",\"@id\":\"https:\/\/richatt.com\/#website\",\"url\":\"https:\/\/richatt.com\/\",\"name\":\"\",\"description\":\"Ensemble construisons vos perspectives d\u2019avenir.\",\"potentialAction\":[{\"@type\":\"SearchAction\",\"target\":{\"@type\":\"EntryPoint\",\"urlTemplate\":\"https:\/\/richatt.com\/?s={search_term_string}\"},\"query-input\":{\"@type\":\"PropertyValueSpecification\",\"valueRequired\":true,\"valueName\":\"search_term_string\"}}],\"inLanguage\":\"en-US\"}]}<\/script>\n<!-- \/ Yoast SEO plugin. -->","yoast_head_json":{"title":"services -","robots":{"index":"index","follow":"follow","max-snippet":"max-snippet:-1","max-image-preview":"max-image-preview:large","max-video-preview":"max-video-preview:-1"},"canonical":"https:\/\/richatt.com\/en\/services-2\/","og_locale":"en_US","og_type":"article","og_title":"services -","og_description":"Nos Services Nous vous offrons une expertise approfondie dans divers domaines, y compris le conseil strat\u00e9gique, le d\u00e9veloppement web et mobile, et des solutions sp\u00e9cialis\u00e9es en FinTech, relation client, e-gov, et d\u00e9mat\u00e9rialisation. Notre engagement envers l\u2019excellence technologique est renforc\u00e9 par notre laboratoire d\u00e9di\u00e9 \u00e0 l\u2019IA et au Big Data, RichatLabs.\u00a0 Consulting Conseils strat\u00e9giques pour une transformation num\u00e9rique r\u00e9ussie. Solutions sur mesure pour r\u00e9pondre aux d\u00e9fis sp\u00e9cifiques. Orientation vers des solutions innovantes pour la croissance. Solutions Cloud, Cybers\u00e9curit\u00e9 et Infra Solutions cloud s\u00e9curis\u00e9es et \u00e9volutives. Am\u00e9lioration de la gestion des donn\u00e9es et de l&rsquo;infrastructure IT. Infrastructure cloud pour une efficacit\u00e9 maximale. D\u00e9veloppement Web &#038; Mobile Utilisation de technologies avanc\u00e9es pour des applications r\u00e9actives et user-friendly. Cr\u00e9ation d&rsquo;interfaces engageantes et intuitives. Adaptation aux besoins sp\u00e9cifiques de votre entreprise. Relation client Sales cloud Service cloud Marketing cloud CTI (Computer Telephony Integration) D\u00e9couvrez comment nous pouvons transformer vos d\u00e9fis en opportunit\u00e9s de croissance. Contactez-nous","og_url":"https:\/\/richatt.com\/en\/services-2\/","article_modified_time":"2026-01-05T16:08:43+00:00","og_image":[{"url":"https:\/\/richatt.com\/wp-content\/uploads\/2026\/01\/ChatGPT-Image-Jan-5-2026-01_11_21-PM-e1767628157605.png","type":"","width":"","height":""}],"twitter_card":"summary_large_image","twitter_misc":{"Est. reading time":"1 minute"},"schema":{"@context":"https:\/\/schema.org","@graph":[{"@type":"WebPage","@id":"https:\/\/richatt.com\/services-2\/","url":"https:\/\/richatt.com\/services-2\/","name":"services -","isPartOf":{"@id":"https:\/\/richatt.com\/#website"},"primaryImageOfPage":{"@id":"https:\/\/richatt.com\/services-2\/#primaryimage"},"image":{"@id":"https:\/\/richatt.com\/services-2\/#primaryimage"},"thumbnailUrl":"https:\/\/richatt.com\/wp-content\/uploads\/2026\/01\/ChatGPT-Image-Jan-5-2026-01_11_21-PM-e1767628157605.png","datePublished":"2026-01-05T15:57:45+00:00","dateModified":"2026-01-05T16:08:43+00:00","breadcrumb":{"@id":"https:\/\/richatt.com\/services-2\/#breadcrumb"},"inLanguage":"en-US","potentialAction":[{"@type":"ReadAction","target":["https:\/\/richatt.com\/services-2\/"]}]},{"@type":"ImageObject","inLanguage":"en-US","@id":"https:\/\/richatt.com\/services-2\/#primaryimage","url":"https:\/\/richatt.com\/wp-content\/uploads\/2026\/01\/ChatGPT-Image-Jan-5-2026-01_11_21-PM-e1767628157605.png","contentUrl":"https:\/\/richatt.com\/wp-content\/uploads\/2026\/01\/ChatGPT-Image-Jan-5-2026-01_11_21-PM-e1767628157605.png"},{"@type":"BreadcrumbList","@id":"https:\/\/richatt.com\/services-2\/#breadcrumb","itemListElement":[{"@type":"ListItem","position":1,"name":"Accueil","item":"https:\/\/richatt.com\/"},{"@type":"ListItem","position":2,"name":"services"}]},{"@type":"WebSite","@id":"https:\/\/richatt.com\/#website","url":"https:\/\/richatt.com\/","name":"","description":"Ensemble construisons vos perspectives d\u2019avenir.","potentialAction":[{"@type":"SearchAction","target":{"@type":"EntryPoint","urlTemplate":"https:\/\/richatt.com\/?s={search_term_string}"},"query-input":{"@type":"PropertyValueSpecification","valueRequired":true,"valueName":"search_term_string"}}],"inLanguage":"en-US"}]}},"_links":{"self":[{"href":"https:\/\/richatt.com\/en\/wp-json\/wp\/v2\/pages\/987510770","targetHints":{"allow":["GET"]}}],"collection":[{"href":"https:\/\/richatt.com\/en\/wp-json\/wp\/v2\/pages"}],"about":[{"href":"https:\/\/richatt.com\/en\/wp-json\/wp\/v2\/types\/page"}],"author":[{"embeddable":true,"href":"https:\/\/richatt.com\/en\/wp-json\/wp\/v2\/users\/7"}],"replies":[{"embeddable":true,"href":"https:\/\/richatt.com\/en\/wp-json\/wp\/v2\/comments?post=987510770"}],"version-history":[{"count":7,"href":"https:\/\/richatt.com\/en\/wp-json\/wp\/v2\/pages\/987510770\/revisions"}],"predecessor-version":[{"id":987510793,"href":"https:\/\/richatt.com\/en\/wp-json\/wp\/v2\/pages\/987510770\/revisions\/987510793"}],"wp:attachment":[{"href":"https:\/\/richatt.com\/en\/wp-json\/wp\/v2\/media?parent=987510770"}],"curies":[{"name":"wp","href":"https:\/\/api.w.org\/{rel}","templated":true}]}}