{"id":987510797,"date":"2026-01-05T16:14:50","date_gmt":"2026-01-05T16:14:50","guid":{"rendered":"https:\/\/richatt.com\/?page_id=987510797"},"modified":"2026-01-05T16:29:03","modified_gmt":"2026-01-05T16:29:03","slug":"esprit_richatt","status":"publish","type":"page","link":"https:\/\/richatt.com\/en\/esprit_richatt\/","title":{"rendered":"Esprit_richatt"},"content":{"rendered":"<div data-elementor-type=\"wp-page\" data-elementor-id=\"987510797\" class=\"elementor elementor-987510797\">\n\t\t\t\t\t\t<section class=\"elementor-section elementor-top-section elementor-element elementor-element-74d4d2ac elementor-section-boxed elementor-section-height-default elementor-section-height-default wpr-particle-no wpr-jarallax-no wpr-parallax-no wpr-sticky-section-no\" data-id=\"74d4d2ac\" data-element_type=\"section\">\n\t\t\t\t\t\t<div class=\"elementor-container elementor-column-gap-wide\">\n\t\t\t\t\t<div class=\"elementor-column elementor-col-100 elementor-top-column elementor-element elementor-element-5afae16f\" data-id=\"5afae16f\" data-element_type=\"column\">\n\t\t\t<div class=\"elementor-widget-wrap elementor-element-populated\">\n\t\t\t\t\t\t<div class=\"elementor-element elementor-element-64efac11 elementor-widget elementor-widget-heading\" data-id=\"64efac11\" data-element_type=\"widget\" data-widget_type=\"heading.default\">\n\t\t\t\t\t<h2 class=\"elementor-heading-title elementor-size-default\">L\u2019esprit Richatt<\/h2>\t\t\t\t<\/div>\n\t\t\t\t<div class=\"elementor-element elementor-element-6a1fed0b elementor-widget elementor-widget-text-editor\" data-id=\"6a1fed0b\" data-element_type=\"widget\" data-widget_type=\"text-editor.default\">\n\t\t\t\t\t\t\t\t\t<p>Chez Richatt, nous sommes guid\u00e9s par trois valeurs fondamentales : Partage, Proximit\u00e9 et Performance.<\/p><p>Partage est pour nous une valeur essentielle, qui se traduit par notre volont\u00e9 de travailler en \u00e9troite collaboration avec nos clients et de partager notre expertise pour concevoir des solutions innovantes et efficaces. Nous croyons que la communication et la collaboration sont essentielles pour atteindre des r\u00e9sultats sup\u00e9rieurs.<\/p><p>Proximit\u00e9 est une autre valeur cl\u00e9 pour nous. Nous sommes convaincus que la proximit\u00e9 avec nos clients est essentielle pour comprendre leurs besoins et offrir des solutions adapt\u00e9es \u00e0 leurs probl\u00e9matiques sp\u00e9cifiques. Nous croyons qu\u2019en \u00e9tant proches de nos clients, nous sommes mieux en mesure de comprendre leurs d\u00e9fis et de leur offrir un service de qualit\u00e9 sup\u00e9rieure.<\/p><p>Enfin, Performance est une valeur qui est au c\u0153ur de tout ce que nous faisons. Nous sommes passionn\u00e9s par la cr\u00e9ation de solutions innovantes et efficaces qui permettent \u00e0 nos clients de relever leurs d\u00e9fis m\u00e9tiers les plus complexes. Nous nous effor\u00e7ons constamment d\u2019am\u00e9liorer nos processus et nos comp\u00e9tences pour offrir un service de qualit\u00e9 sup\u00e9rieure et des r\u00e9sultats exceptionnels \u00e0 nos clients.<\/p>\t\t\t\t\t\t\t\t<\/div>\n\t\t\t\t<section class=\"elementor-section elementor-inner-section elementor-element elementor-element-3d9eb36e elementor-section-boxed elementor-section-height-default elementor-section-height-default wpr-particle-no wpr-jarallax-no wpr-parallax-no wpr-sticky-section-no\" data-id=\"3d9eb36e\" data-element_type=\"section\">\n\t\t\t\t\t\t<div class=\"elementor-container elementor-column-gap-default\">\n\t\t\t\t\t<div class=\"elementor-column elementor-col-50 elementor-inner-column elementor-element elementor-element-16cdbc73\" data-id=\"16cdbc73\" data-element_type=\"column\">\n\t\t\t<div class=\"elementor-widget-wrap elementor-element-populated\">\n\t\t\t\t\t\t<div class=\"elementor-element elementor-element-e5ed497 elementor-widget elementor-widget-text-editor\" data-id=\"e5ed497\" data-element_type=\"widget\" data-widget_type=\"text-editor.default\">\n\t\t\t\t\t\t\t\t\t<p>Chez Richatt, nous sommes d\u00e9termin\u00e9s \u00e0 offrir \u00e0 nos clients un service de qualit\u00e9 sup\u00e9rieure en travaillant avec eux en \u00e9troite collaboration pour r\u00e9pondre \u00e0 leurs besoins sp\u00e9cifiques. Nous sommes fiers de notre expertise en mati\u00e8re d\u2019int\u00e9gration de Salesforce CRM et de notre capacit\u00e9 \u00e0 cr\u00e9er des solutions sur mesure pour r\u00e9pondre aux d\u00e9fis les plus complexes de nos clients. Nous croyons que notre engagement envers ces valeurs nous permet de maintenir une longueur d\u2019avance dans un march\u00e9 en constante \u00e9volution.<\/p>\t\t\t\t\t\t\t\t<\/div>\n\t\t\t\t\t<\/div>\n\t\t<\/div>\n\t\t\t\t<div class=\"elementor-column elementor-col-50 elementor-inner-column elementor-element elementor-element-2b32681f\" data-id=\"2b32681f\" data-element_type=\"column\">\n\t\t\t<div class=\"elementor-widget-wrap elementor-element-populated\">\n\t\t\t\t\t\t<div class=\"elementor-element elementor-element-18318443 wpr-lottie-svg elementor-widget elementor-widget-wpr-lottie-animations\" data-id=\"18318443\" data-element_type=\"widget\" data-settings=\"{&quot;json_file&quot;:{&quot;url&quot;:&quot;https:\\\/\\\/richatt.com\\\/wp-content\\\/uploads\\\/2026\\\/01\\\/lf30_editor_yvmflzuw.json&quot;,&quot;id&quot;:987510800,&quot;size&quot;:&quot;&quot;},&quot;trigger&quot;:&quot;none&quot;}\" data-widget_type=\"wpr-lottie-animations.default\">\n\t\t\t\t\t<div class=\"wpr-lottie-animations-wrapper\"><div class=\"wpr-lottie-animations\" data-settings=\"{&quot;loop&quot;:&quot;yes&quot;,&quot;autoplay&quot;:&quot;yes&quot;,&quot;speed&quot;:1,&quot;trigger&quot;:&quot;none&quot;,&quot;reverse&quot;:&quot;&quot;,&quot;scroll_start&quot;:&quot;0&quot;,&quot;scroll_end&quot;:&quot;100&quot;,&quot;lottie_renderer&quot;:&quot;svg&quot;}\" data-json-url=\"https:\/\/richatt.com\/wp-content\/uploads\/2026\/01\/lf30_editor_yvmflzuw.json\"><\/div><\/div>\t\t\t\t<\/div>\n\t\t\t\t\t<\/div>\n\t\t<\/div>\n\t\t\t\t\t<\/div>\n\t\t<\/section>\n\t\t\t\t\t<\/div>\n\t\t<\/div>\n\t\t\t\t\t<\/div>\n\t\t<\/section>\n\t\t\t\t<\/div>\n\t\t\n    <div class=\"xs_social_share_widget xs_share_url after_content \t\tmain_content  wslu-style-1 wslu-share-box-shaped wslu-fill-colored wslu-none wslu-share-horizontal wslu-theme-font-no wslu-main_content\">\n\n\t\t\n        <ul>\n\t\t\t        <\/ul>\n    <\/div>","protected":false},"excerpt":{"rendered":"<p>L\u2019esprit Richatt Chez Richatt, nous sommes guid\u00e9s par trois valeurs fondamentales : Partage, Proximit\u00e9 et Performance. Partage est pour nous une valeur essentielle, qui se traduit par notre volont\u00e9 de travailler en \u00e9troite collaboration avec nos clients et de partager notre expertise pour concevoir des solutions innovantes et efficaces. Nous croyons que la communication et la collaboration sont essentielles pour atteindre des r\u00e9sultats sup\u00e9rieurs. Proximit\u00e9 est une autre valeur cl\u00e9 pour nous. Nous sommes convaincus que la proximit\u00e9 avec nos clients est essentielle pour comprendre leurs besoins et offrir des solutions adapt\u00e9es \u00e0 leurs probl\u00e9matiques sp\u00e9cifiques. Nous croyons qu\u2019en \u00e9tant proches de nos clients, nous sommes mieux en mesure de comprendre leurs d\u00e9fis et de leur offrir un service de qualit\u00e9 sup\u00e9rieure. Enfin, Performance est une valeur qui est au c\u0153ur de tout ce que nous faisons. Nous sommes passionn\u00e9s par la cr\u00e9ation de solutions innovantes et efficaces qui permettent \u00e0 nos clients de relever leurs d\u00e9fis m\u00e9tiers les plus complexes. Nous nous effor\u00e7ons constamment d\u2019am\u00e9liorer nos processus et nos comp\u00e9tences pour offrir un service de qualit\u00e9 sup\u00e9rieure et des r\u00e9sultats exceptionnels \u00e0 nos clients. Chez Richatt, nous sommes d\u00e9termin\u00e9s \u00e0 offrir \u00e0 nos clients un service de qualit\u00e9 sup\u00e9rieure en travaillant avec eux en \u00e9troite collaboration pour r\u00e9pondre \u00e0 leurs besoins sp\u00e9cifiques. Nous sommes fiers de notre expertise en mati\u00e8re d\u2019int\u00e9gration de Salesforce CRM et de notre capacit\u00e9 \u00e0 cr\u00e9er des solutions sur mesure pour r\u00e9pondre aux d\u00e9fis les plus complexes de nos clients. Nous croyons que notre engagement envers ces valeurs nous permet de maintenir une longueur d\u2019avance dans un march\u00e9 en constante \u00e9volution.<\/p>","protected":false},"author":7,"featured_media":0,"parent":0,"menu_order":0,"comment_status":"closed","ping_status":"closed","template":"elementor_header_footer","meta":{"om_disable_all_campaigns":false,"_monsterinsights_skip_tracking":false,"_monsterinsights_sitenote_active":false,"_monsterinsights_sitenote_note":"","_monsterinsights_sitenote_category":0,"postBodyCss":"","postBodyMargin":[],"postBodyPadding":[],"postBodyBackground":{"backgroundType":"classic","gradient":""},"site-sidebar-layout":"no-sidebar","site-content-layout":"","ast-site-content-layout":"full-width-container","site-content-style":"default","site-sidebar-style":"default","ast-global-header-display":"","ast-banner-title-visibility":"","ast-main-header-display":"","ast-hfb-above-header-display":"","ast-hfb-below-header-display":"","ast-hfb-mobile-header-display":"","site-post-title":"","ast-breadcrumbs-content":"","ast-featured-img":"disabled","footer-sml-layout":"","ast-disable-related-posts":"","theme-transparent-header-meta":"","adv-header-id-meta":"","stick-header-meta":"","header-above-stick-meta":"","header-main-stick-meta":"","header-below-stick-meta":"","astra-migrate-meta-layouts":"default","ast-page-background-enabled":"default","ast-page-background-meta":{"desktop":{"background-color":"var(--ast-global-color-5)","background-image":"","background-repeat":"repeat","background-position":"center center","background-size":"auto","background-attachment":"scroll","background-type":"","background-media":"","overlay-type":"","overlay-color":"","overlay-opacity":"","overlay-gradient":""},"tablet":{"background-color":"","background-image":"","background-repeat":"repeat","background-position":"center center","background-size":"auto","background-attachment":"scroll","background-type":"","background-media":"","overlay-type":"","overlay-color":"","overlay-opacity":"","overlay-gradient":""},"mobile":{"background-color":"","background-image":"","background-repeat":"repeat","background-position":"center center","background-size":"auto","background-attachment":"scroll","background-type":"","background-media":"","overlay-type":"","overlay-color":"","overlay-opacity":"","overlay-gradient":""}},"ast-content-background-meta":{"desktop":{"background-color":"var(--ast-global-color-4)","background-image":"","background-repeat":"repeat","background-position":"center center","background-size":"auto","background-attachment":"scroll","background-type":"","background-media":"","overlay-type":"","overlay-color":"","overlay-opacity":"","overlay-gradient":""},"tablet":{"background-color":"var(--ast-global-color-4)","background-image":"","background-repeat":"repeat","background-position":"center center","background-size":"auto","background-attachment":"scroll","background-type":"","background-media":"","overlay-type":"","overlay-color":"","overlay-opacity":"","overlay-gradient":""},"mobile":{"background-color":"var(--ast-global-color-4)","background-image":"","background-repeat":"repeat","background-position":"center center","background-size":"auto","background-attachment":"scroll","background-type":"","background-media":"","overlay-type":"","overlay-color":"","overlay-opacity":"","overlay-gradient":""}},"footnotes":""},"class_list":["post-987510797","page","type-page","status-publish","hentry"],"yoast_head":"<!-- This site is optimized with the Yoast SEO plugin v26.2 - https:\/\/yoast.com\/wordpress\/plugins\/seo\/ -->\n<title>Esprit_richatt -<\/title>\n<meta name=\"robots\" content=\"index, follow, max-snippet:-1, max-image-preview:large, max-video-preview:-1\" \/>\n<link rel=\"canonical\" href=\"https:\/\/richatt.com\/en\/esprit_richatt\/\" \/>\n<meta property=\"og:locale\" content=\"en_US\" \/>\n<meta property=\"og:type\" content=\"article\" \/>\n<meta property=\"og:title\" content=\"Esprit_richatt -\" \/>\n<meta property=\"og:description\" content=\"L\u2019esprit Richatt Chez Richatt, nous sommes guid\u00e9s par trois valeurs fondamentales : Partage, Proximit\u00e9 et Performance. Partage est pour nous une valeur essentielle, qui se traduit par notre volont\u00e9 de travailler en \u00e9troite collaboration avec nos clients et de partager notre expertise pour concevoir des solutions innovantes et efficaces. Nous croyons que la communication et la collaboration sont essentielles pour atteindre des r\u00e9sultats sup\u00e9rieurs. Proximit\u00e9 est une autre valeur cl\u00e9 pour nous. Nous sommes convaincus que la proximit\u00e9 avec nos clients est essentielle pour comprendre leurs besoins et offrir des solutions adapt\u00e9es \u00e0 leurs probl\u00e9matiques sp\u00e9cifiques. Nous croyons qu\u2019en \u00e9tant proches de nos clients, nous sommes mieux en mesure de comprendre leurs d\u00e9fis et de leur offrir un service de qualit\u00e9 sup\u00e9rieure. Enfin, Performance est une valeur qui est au c\u0153ur de tout ce que nous faisons. Nous sommes passionn\u00e9s par la cr\u00e9ation de solutions innovantes et efficaces qui permettent \u00e0 nos clients de relever leurs d\u00e9fis m\u00e9tiers les plus complexes. Nous nous effor\u00e7ons constamment d\u2019am\u00e9liorer nos processus et nos comp\u00e9tences pour offrir un service de qualit\u00e9 sup\u00e9rieure et des r\u00e9sultats exceptionnels \u00e0 nos clients. Chez Richatt, nous sommes d\u00e9termin\u00e9s \u00e0 offrir \u00e0 nos clients un service de qualit\u00e9 sup\u00e9rieure en travaillant avec eux en \u00e9troite collaboration pour r\u00e9pondre \u00e0 leurs besoins sp\u00e9cifiques. Nous sommes fiers de notre expertise en mati\u00e8re d\u2019int\u00e9gration de Salesforce CRM et de notre capacit\u00e9 \u00e0 cr\u00e9er des solutions sur mesure pour r\u00e9pondre aux d\u00e9fis les plus complexes de nos clients. Nous croyons que notre engagement envers ces valeurs nous permet de maintenir une longueur d\u2019avance dans un march\u00e9 en constante \u00e9volution.\" \/>\n<meta property=\"og:url\" content=\"https:\/\/richatt.com\/en\/esprit_richatt\/\" \/>\n<meta property=\"article:modified_time\" content=\"2026-01-05T16:29:03+00:00\" \/>\n<meta name=\"twitter:card\" content=\"summary_large_image\" \/>\n<meta name=\"twitter:label1\" content=\"Est. reading time\" \/>\n\t<meta name=\"twitter:data1\" content=\"2 minutes\" \/>\n<script type=\"application\/ld+json\" class=\"yoast-schema-graph\">{\"@context\":\"https:\/\/schema.org\",\"@graph\":[{\"@type\":\"WebPage\",\"@id\":\"https:\/\/richatt.com\/esprit_richatt\/\",\"url\":\"https:\/\/richatt.com\/esprit_richatt\/\",\"name\":\"Esprit_richatt -\",\"isPartOf\":{\"@id\":\"https:\/\/richatt.com\/#website\"},\"datePublished\":\"2026-01-05T16:14:50+00:00\",\"dateModified\":\"2026-01-05T16:29:03+00:00\",\"breadcrumb\":{\"@id\":\"https:\/\/richatt.com\/esprit_richatt\/#breadcrumb\"},\"inLanguage\":\"en-US\",\"potentialAction\":[{\"@type\":\"ReadAction\",\"target\":[\"https:\/\/richatt.com\/esprit_richatt\/\"]}]},{\"@type\":\"BreadcrumbList\",\"@id\":\"https:\/\/richatt.com\/esprit_richatt\/#breadcrumb\",\"itemListElement\":[{\"@type\":\"ListItem\",\"position\":1,\"name\":\"Accueil\",\"item\":\"https:\/\/richatt.com\/\"},{\"@type\":\"ListItem\",\"position\":2,\"name\":\"Esprit_richatt\"}]},{\"@type\":\"WebSite\",\"@id\":\"https:\/\/richatt.com\/#website\",\"url\":\"https:\/\/richatt.com\/\",\"name\":\"\",\"description\":\"Ensemble construisons vos perspectives d\u2019avenir.\",\"potentialAction\":[{\"@type\":\"SearchAction\",\"target\":{\"@type\":\"EntryPoint\",\"urlTemplate\":\"https:\/\/richatt.com\/?s={search_term_string}\"},\"query-input\":{\"@type\":\"PropertyValueSpecification\",\"valueRequired\":true,\"valueName\":\"search_term_string\"}}],\"inLanguage\":\"en-US\"}]}<\/script>\n<!-- \/ Yoast SEO plugin. -->","yoast_head_json":{"title":"Esprit_richatt -","robots":{"index":"index","follow":"follow","max-snippet":"max-snippet:-1","max-image-preview":"max-image-preview:large","max-video-preview":"max-video-preview:-1"},"canonical":"https:\/\/richatt.com\/en\/esprit_richatt\/","og_locale":"en_US","og_type":"article","og_title":"Esprit_richatt -","og_description":"L\u2019esprit Richatt Chez Richatt, nous sommes guid\u00e9s par trois valeurs fondamentales : Partage, Proximit\u00e9 et Performance. Partage est pour nous une valeur essentielle, qui se traduit par notre volont\u00e9 de travailler en \u00e9troite collaboration avec nos clients et de partager notre expertise pour concevoir des solutions innovantes et efficaces. Nous croyons que la communication et la collaboration sont essentielles pour atteindre des r\u00e9sultats sup\u00e9rieurs. Proximit\u00e9 est une autre valeur cl\u00e9 pour nous. Nous sommes convaincus que la proximit\u00e9 avec nos clients est essentielle pour comprendre leurs besoins et offrir des solutions adapt\u00e9es \u00e0 leurs probl\u00e9matiques sp\u00e9cifiques. Nous croyons qu\u2019en \u00e9tant proches de nos clients, nous sommes mieux en mesure de comprendre leurs d\u00e9fis et de leur offrir un service de qualit\u00e9 sup\u00e9rieure. Enfin, Performance est une valeur qui est au c\u0153ur de tout ce que nous faisons. Nous sommes passionn\u00e9s par la cr\u00e9ation de solutions innovantes et efficaces qui permettent \u00e0 nos clients de relever leurs d\u00e9fis m\u00e9tiers les plus complexes. Nous nous effor\u00e7ons constamment d\u2019am\u00e9liorer nos processus et nos comp\u00e9tences pour offrir un service de qualit\u00e9 sup\u00e9rieure et des r\u00e9sultats exceptionnels \u00e0 nos clients. Chez Richatt, nous sommes d\u00e9termin\u00e9s \u00e0 offrir \u00e0 nos clients un service de qualit\u00e9 sup\u00e9rieure en travaillant avec eux en \u00e9troite collaboration pour r\u00e9pondre \u00e0 leurs besoins sp\u00e9cifiques. Nous sommes fiers de notre expertise en mati\u00e8re d\u2019int\u00e9gration de Salesforce CRM et de notre capacit\u00e9 \u00e0 cr\u00e9er des solutions sur mesure pour r\u00e9pondre aux d\u00e9fis les plus complexes de nos clients. Nous croyons que notre engagement envers ces valeurs nous permet de maintenir une longueur d\u2019avance dans un march\u00e9 en constante \u00e9volution.","og_url":"https:\/\/richatt.com\/en\/esprit_richatt\/","article_modified_time":"2026-01-05T16:29:03+00:00","twitter_card":"summary_large_image","twitter_misc":{"Est. reading time":"2 minutes"},"schema":{"@context":"https:\/\/schema.org","@graph":[{"@type":"WebPage","@id":"https:\/\/richatt.com\/esprit_richatt\/","url":"https:\/\/richatt.com\/esprit_richatt\/","name":"Esprit_richatt -","isPartOf":{"@id":"https:\/\/richatt.com\/#website"},"datePublished":"2026-01-05T16:14:50+00:00","dateModified":"2026-01-05T16:29:03+00:00","breadcrumb":{"@id":"https:\/\/richatt.com\/esprit_richatt\/#breadcrumb"},"inLanguage":"en-US","potentialAction":[{"@type":"ReadAction","target":["https:\/\/richatt.com\/esprit_richatt\/"]}]},{"@type":"BreadcrumbList","@id":"https:\/\/richatt.com\/esprit_richatt\/#breadcrumb","itemListElement":[{"@type":"ListItem","position":1,"name":"Accueil","item":"https:\/\/richatt.com\/"},{"@type":"ListItem","position":2,"name":"Esprit_richatt"}]},{"@type":"WebSite","@id":"https:\/\/richatt.com\/#website","url":"https:\/\/richatt.com\/","name":"","description":"Ensemble construisons vos perspectives d\u2019avenir.","potentialAction":[{"@type":"SearchAction","target":{"@type":"EntryPoint","urlTemplate":"https:\/\/richatt.com\/?s={search_term_string}"},"query-input":{"@type":"PropertyValueSpecification","valueRequired":true,"valueName":"search_term_string"}}],"inLanguage":"en-US"}]}},"_links":{"self":[{"href":"https:\/\/richatt.com\/en\/wp-json\/wp\/v2\/pages\/987510797","targetHints":{"allow":["GET"]}}],"collection":[{"href":"https:\/\/richatt.com\/en\/wp-json\/wp\/v2\/pages"}],"about":[{"href":"https:\/\/richatt.com\/en\/wp-json\/wp\/v2\/types\/page"}],"author":[{"embeddable":true,"href":"https:\/\/richatt.com\/en\/wp-json\/wp\/v2\/users\/7"}],"replies":[{"embeddable":true,"href":"https:\/\/richatt.com\/en\/wp-json\/wp\/v2\/comments?post=987510797"}],"version-history":[{"count":7,"href":"https:\/\/richatt.com\/en\/wp-json\/wp\/v2\/pages\/987510797\/revisions"}],"predecessor-version":[{"id":987510806,"href":"https:\/\/richatt.com\/en\/wp-json\/wp\/v2\/pages\/987510797\/revisions\/987510806"}],"wp:attachment":[{"href":"https:\/\/richatt.com\/en\/wp-json\/wp\/v2\/media?parent=987510797"}],"curies":[{"name":"wp","href":"https:\/\/api.w.org\/{rel}","templated":true}]}}